{"id":7913,"date":"2024-11-11T19:56:53","date_gmt":"2024-11-11T19:56:53","guid":{"rendered":"https:\/\/onecaskatatime.com\/product\/highland-park-1996\/"},"modified":"2026-03-26T11:39:22","modified_gmt":"2026-03-26T11:39:22","slug":"highland-park-1996","status":"publish","type":"product","link":"https:\/\/onecaskatatime.com\/de\/produkt\/highland-park-1996\/","title":{"rendered":"Highland Park 1996"},"content":{"rendered":"<p>Nur die feinsten und seltensten F\u00e4sser werden f\u00fcr unser Grandfather-Sortiment ausgew\u00e4hlt. 1996 destilliert und mindestens 27 Jahre in einem einzelnen Eichenfass gereift, ist dieser Whisky ein herausragendes Beispiel von Highland Park. In Fassst\u00e4rke abgef\u00fcllt, nicht k\u00fchlgefiltert und ohne Farbstoffzusatz, wurde er bereits international anerkannt \u2013 er erhielt <strong>IWSC Silver 2025<\/strong> und die begehrte Auszeichnung <strong>Global Scotch Whisky Masters &#8218;Master&#8216; 2025<\/strong>.  <\/p>\n","protected":false},"excerpt":{"rendered":"<p>Nur die feinsten und seltensten F\u00e4sser werden f\u00fcr unser Grandfather-Sortiment ausgew\u00e4hlt. 1996 destilliert und mindestens 27 Jahre in einem einzelnen Eichenfass gereift, ist dieser Whisky ein herausragendes Beispiel von Highland Park. In Fassst\u00e4rke abgef\u00fcllt, nicht k\u00fchlgefiltert und ohne Farbstoffzusatz, wurde er bereits international anerkannt \u2013 er erhielt <strong>IWSC Silver 2025<\/strong> und die begehrte Auszeichnung <strong>Global Scotch Whisky Masters &#8218;Master&#8216; 2025<\/strong>.  <\/p>\n","protected":false},"featured_media":5822,"template":"","meta":{"_acf_changed":false},"product_brand":[],"product_cat":[60],"product_tag":[],"class_list":{"0":"post-7913","1":"product","2":"type-product","3":"status-publish","4":"has-post-thumbnail","6":"product_cat-grandfather","8":"first","9":"instock","10":"taxable","11":"shipping-taxable","12":"purchasable","13":"product-type-simple"},"acf":[],"_links":{"self":[{"href":"https:\/\/onecaskatatime.com\/de\/wp-json\/wp\/v2\/product\/7913","targetHints":{"allow":["GET"]}}],"collection":[{"href":"https:\/\/onecaskatatime.com\/de\/wp-json\/wp\/v2\/product"}],"about":[{"href":"https:\/\/onecaskatatime.com\/de\/wp-json\/wp\/v2\/types\/product"}],"wp:featuredmedia":[{"embeddable":true,"href":"https:\/\/onecaskatatime.com\/de\/wp-json\/wp\/v2\/media\/5822"}],"wp:attachment":[{"href":"https:\/\/onecaskatatime.com\/de\/wp-json\/wp\/v2\/media?parent=7913"}],"wp:term":[{"taxonomy":"product_brand","embeddable":true,"href":"https:\/\/onecaskatatime.com\/de\/wp-json\/wp\/v2\/product_brand?post=7913"},{"taxonomy":"product_cat","embeddable":true,"href":"https:\/\/onecaskatatime.com\/de\/wp-json\/wp\/v2\/product_cat?post=7913"},{"taxonomy":"product_tag","embeddable":true,"href":"https:\/\/onecaskatatime.com\/de\/wp-json\/wp\/v2\/product_tag?post=7913"}],"curies":[{"name":"wp","href":"https:\/\/api.w.org\/{rel}","templated":true}]}}