{"id":7855,"date":"2024-11-11T20:14:33","date_gmt":"2024-11-11T20:14:33","guid":{"rendered":"https:\/\/onecaskatatime.com\/product\/glentauchers-2009\/"},"modified":"2026-03-26T11:39:55","modified_gmt":"2026-03-26T11:39:55","slug":"glentauchers-2009","status":"publish","type":"product","link":"https:\/\/onecaskatatime.com\/de\/produkt\/glentauchers-2009\/","title":{"rendered":"Glentauchers 2009"},"content":{"rendered":"<p>Als Teil unserer Chronograph-Kollektion hat dieses Fass seinen Platz in der Zeit gefunden und ist nun bereit f\u00fcr den Genuss.<\/p>\n<p>Im Herzen der renommierten Speyside-Region destilliert, ist dieser 15-j\u00e4hrige Glentauchers ein hervorragendes Beispiel f\u00fcr die Region. In Fassst\u00e4rke abgef\u00fcllt, nicht k\u00fchlgefiltert und ohne Farbstoff. <\/p>\n","protected":false},"excerpt":{"rendered":"<p>Als Teil unserer Chronograph-Kollektion hat dieses Fass seinen Platz in der Zeit gefunden und ist nun bereit f\u00fcr den Genuss.<\/p>\n<p>Im Herzen der renommierten Speyside-Region destilliert, ist dieser 15-j\u00e4hrige Glentauchers ein hervorragendes Beispiel f\u00fcr die Region. In Fassst\u00e4rke abgef\u00fcllt, nicht k\u00fchlgefiltert und ohne Farbstoff. <\/p>\n","protected":false},"featured_media":5939,"template":"","meta":{"_acf_changed":false},"product_brand":[],"product_cat":[59],"product_tag":[],"class_list":{"0":"post-7855","1":"product","2":"type-product","3":"status-publish","4":"has-post-thumbnail","6":"product_cat-chronograph","8":"first","9":"instock","10":"taxable","11":"shipping-taxable","12":"purchasable","13":"product-type-simple"},"acf":[],"_links":{"self":[{"href":"https:\/\/onecaskatatime.com\/de\/wp-json\/wp\/v2\/product\/7855","targetHints":{"allow":["GET"]}}],"collection":[{"href":"https:\/\/onecaskatatime.com\/de\/wp-json\/wp\/v2\/product"}],"about":[{"href":"https:\/\/onecaskatatime.com\/de\/wp-json\/wp\/v2\/types\/product"}],"wp:featuredmedia":[{"embeddable":true,"href":"https:\/\/onecaskatatime.com\/de\/wp-json\/wp\/v2\/media\/5939"}],"wp:attachment":[{"href":"https:\/\/onecaskatatime.com\/de\/wp-json\/wp\/v2\/media?parent=7855"}],"wp:term":[{"taxonomy":"product_brand","embeddable":true,"href":"https:\/\/onecaskatatime.com\/de\/wp-json\/wp\/v2\/product_brand?post=7855"},{"taxonomy":"product_cat","embeddable":true,"href":"https:\/\/onecaskatatime.com\/de\/wp-json\/wp\/v2\/product_cat?post=7855"},{"taxonomy":"product_tag","embeddable":true,"href":"https:\/\/onecaskatatime.com\/de\/wp-json\/wp\/v2\/product_tag?post=7855"}],"curies":[{"name":"wp","href":"https:\/\/api.w.org\/{rel}","templated":true}]}}