{"id":7846,"date":"2024-11-11T20:14:12","date_gmt":"2024-11-11T20:14:12","guid":{"rendered":"https:\/\/onecaskatatime.com\/product\/aultmore-1990\/"},"modified":"2026-03-26T11:39:22","modified_gmt":"2026-03-26T11:39:22","slug":"aultmore-1990","status":"publish","type":"product","link":"https:\/\/onecaskatatime.com\/de\/produkt\/aultmore-1990\/","title":{"rendered":"Aultmore 1990"},"content":{"rendered":"<p>Nur die feinsten und seltensten F\u00e4sser werden f\u00fcr unsere Grandfather-Reihe ausgew\u00e4hlt \u2013 und dieser au\u00dfergew\u00f6hnliche Single Malt wurde als <strong>IWSC Silbermedaillen-Gewinner und Global Scotch Whisky Masters Gold f\u00fcr 2025<\/strong> ausgezeichnet.<\/p>\n<p>1990 bei Aultmore destilliert, reifte er au\u00dfergew\u00f6hnliche 33 Jahre in einem einzigen Eichenfass, bevor er von One Cask at a Time f\u00fcr diese limitierte Abf\u00fcllung handverlesen wurde. Abgef\u00fcllt in nat\u00fcrlicher Fassst\u00e4rke, nicht k\u00e4ltefiltriert und ohne zus\u00e4tzliche Farbstoffe, liefert er in jedem Tropfen den reinen, preisgekr\u00f6nten Charakter des Fasses. <\/p>\n","protected":false},"excerpt":{"rendered":"<p>Nur die feinsten und seltensten F\u00e4sser werden f\u00fcr unsere Grandfather-Reihe ausgew\u00e4hlt \u2013 und dieser au\u00dfergew\u00f6hnliche Single Malt wurde als <strong>IWSC Silbermedaillen-Gewinner und Global Scotch Whisky Masters Gold f\u00fcr 2025<\/strong> ausgezeichnet.<\/p>\n<p>1990 bei Aultmore destilliert, reifte er au\u00dfergew\u00f6hnliche 33 Jahre in einem einzigen Eichenfass, bevor er von One Cask at a Time f\u00fcr diese limitierte Abf\u00fcllung handverlesen wurde. Abgef\u00fcllt in nat\u00fcrlicher Fassst\u00e4rke, nicht k\u00e4ltefiltriert und ohne zus\u00e4tzliche Farbstoffe, liefert er in jedem Tropfen den reinen, preisgekr\u00f6nten Charakter des Fasses. <\/p>\n","protected":false},"featured_media":5990,"template":"","meta":{"_acf_changed":false},"product_brand":[],"product_cat":[60],"product_tag":[],"class_list":{"0":"post-7846","1":"product","2":"type-product","3":"status-publish","4":"has-post-thumbnail","6":"product_cat-grandfather","8":"first","9":"instock","10":"taxable","11":"shipping-taxable","12":"purchasable","13":"product-type-simple"},"acf":[],"_links":{"self":[{"href":"https:\/\/onecaskatatime.com\/de\/wp-json\/wp\/v2\/product\/7846","targetHints":{"allow":["GET"]}}],"collection":[{"href":"https:\/\/onecaskatatime.com\/de\/wp-json\/wp\/v2\/product"}],"about":[{"href":"https:\/\/onecaskatatime.com\/de\/wp-json\/wp\/v2\/types\/product"}],"wp:featuredmedia":[{"embeddable":true,"href":"https:\/\/onecaskatatime.com\/de\/wp-json\/wp\/v2\/media\/5990"}],"wp:attachment":[{"href":"https:\/\/onecaskatatime.com\/de\/wp-json\/wp\/v2\/media?parent=7846"}],"wp:term":[{"taxonomy":"product_brand","embeddable":true,"href":"https:\/\/onecaskatatime.com\/de\/wp-json\/wp\/v2\/product_brand?post=7846"},{"taxonomy":"product_cat","embeddable":true,"href":"https:\/\/onecaskatatime.com\/de\/wp-json\/wp\/v2\/product_cat?post=7846"},{"taxonomy":"product_tag","embeddable":true,"href":"https:\/\/onecaskatatime.com\/de\/wp-json\/wp\/v2\/product_tag?post=7846"}],"curies":[{"name":"wp","href":"https:\/\/api.w.org\/{rel}","templated":true}]}}