{"id":7838,"date":"2024-11-11T20:14:22","date_gmt":"2024-11-11T20:14:22","guid":{"rendered":"https:\/\/onecaskatatime.com\/product\/ledaig-1993\/"},"modified":"2026-03-26T11:39:21","modified_gmt":"2026-03-26T11:39:21","slug":"ledaig-1993","status":"publish","type":"product","link":"https:\/\/onecaskatatime.com\/de\/produkt\/ledaig-1993\/","title":{"rendered":"Ledaig 1993"},"content":{"rendered":"<p>Als Teil unserer Grandfather Collection hat dieses Fass die Zeit \u00fcberdauert und ist von h\u00f6chster Qualit\u00e4t.<\/p>\n<p>1993 destilliert, reifte es drei Jahrzehnte in einem einzigen Fass, bevor es in einer stark limitierten Auflage von nur 74 Flaschen abgef\u00fcllt wurde.<\/p>\n<p>In Fassst\u00e4rke abgef\u00fcllt, nicht k\u00fchlfiltriert und ohne Farbstoffe.<\/p>\n","protected":false},"excerpt":{"rendered":"<p>Als Teil unserer Grandfather Collection hat dieses Fass die Zeit \u00fcberdauert und ist von h\u00f6chster Qualit\u00e4t.<\/p>\n<p>1993 destilliert, reifte es drei Jahrzehnte in einem einzigen Fass, bevor es in einer stark limitierten Auflage von nur 74 Flaschen abgef\u00fcllt wurde.<\/p>\n<p>In Fassst\u00e4rke abgef\u00fcllt, nicht k\u00fchlfiltriert und ohne Farbstoffe.<\/p>\n","protected":false},"featured_media":6737,"template":"","meta":{"_acf_changed":false},"product_brand":[],"product_cat":[60],"product_tag":[],"class_list":{"0":"post-7838","1":"product","2":"type-product","3":"status-publish","4":"has-post-thumbnail","6":"product_cat-grandfather","8":"first","9":"instock","10":"taxable","11":"shipping-taxable","12":"purchasable","13":"product-type-simple"},"acf":[],"_links":{"self":[{"href":"https:\/\/onecaskatatime.com\/de\/wp-json\/wp\/v2\/product\/7838","targetHints":{"allow":["GET"]}}],"collection":[{"href":"https:\/\/onecaskatatime.com\/de\/wp-json\/wp\/v2\/product"}],"about":[{"href":"https:\/\/onecaskatatime.com\/de\/wp-json\/wp\/v2\/types\/product"}],"wp:featuredmedia":[{"embeddable":true,"href":"https:\/\/onecaskatatime.com\/de\/wp-json\/wp\/v2\/media\/6737"}],"wp:attachment":[{"href":"https:\/\/onecaskatatime.com\/de\/wp-json\/wp\/v2\/media?parent=7838"}],"wp:term":[{"taxonomy":"product_brand","embeddable":true,"href":"https:\/\/onecaskatatime.com\/de\/wp-json\/wp\/v2\/product_brand?post=7838"},{"taxonomy":"product_cat","embeddable":true,"href":"https:\/\/onecaskatatime.com\/de\/wp-json\/wp\/v2\/product_cat?post=7838"},{"taxonomy":"product_tag","embeddable":true,"href":"https:\/\/onecaskatatime.com\/de\/wp-json\/wp\/v2\/product_tag?post=7838"}],"curies":[{"name":"wp","href":"https:\/\/api.w.org\/{rel}","templated":true}]}}