{"id":7833,"date":"2024-11-20T10:16:38","date_gmt":"2024-11-20T10:16:38","guid":{"rendered":"https:\/\/onecaskatatime.com\/product\/auchentoshan-1998\/"},"modified":"2026-03-26T11:39:54","modified_gmt":"2026-03-26T11:39:54","slug":"auchentoshan-1998","status":"publish","type":"product","link":"https:\/\/onecaskatatime.com\/de\/produkt\/auchentoshan-1998\/","title":{"rendered":"Auchentoshan 1998"},"content":{"rendered":"<p>Als Teil unserer Pendulum-Kollektion hat dieses Fass die Zeit \u00fcberdauert und ist von h\u00f6chster Qualit\u00e4t.<\/p>\n<p>1998 in den schottischen Lowlands destilliert, reifte dieser Whisky beachtliche 26 Jahre in einem einzelnen Eichenfass. Das Ergebnis ist eine ganz besondere Abf\u00fcllung von Auchentoshan, pr\u00e4sentiert von One Cask at a Time. <\/p>\n<p>Abgef\u00fcllt in Fassst\u00e4rke, nicht k\u00e4ltefiltriert und ohne Zusatz von Farbstoffen.<\/p>\n","protected":false},"excerpt":{"rendered":"<p>Als Teil unserer Pendulum-Kollektion hat dieses Fass die Zeit \u00fcberdauert und ist von h\u00f6chster Qualit\u00e4t.<\/p>\n<p>1998 in den schottischen Lowlands destilliert, reifte dieser Whisky beachtliche 26 Jahre in einem einzelnen Eichenfass. Das Ergebnis ist eine ganz besondere Abf\u00fcllung von Auchentoshan, pr\u00e4sentiert von One Cask at a Time. <\/p>\n<p>Abgef\u00fcllt in Fassst\u00e4rke, nicht k\u00e4ltefiltriert und ohne Zusatz von Farbstoffen.<\/p>\n","protected":false},"featured_media":5819,"template":"","meta":{"_acf_changed":false},"product_brand":[],"product_cat":[56],"product_tag":[],"class_list":{"0":"post-7833","1":"product","2":"type-product","3":"status-publish","4":"has-post-thumbnail","6":"product_cat-pendulum","8":"first","9":"instock","10":"taxable","11":"shipping-taxable","12":"purchasable","13":"product-type-simple"},"acf":[],"_links":{"self":[{"href":"https:\/\/onecaskatatime.com\/de\/wp-json\/wp\/v2\/product\/7833","targetHints":{"allow":["GET"]}}],"collection":[{"href":"https:\/\/onecaskatatime.com\/de\/wp-json\/wp\/v2\/product"}],"about":[{"href":"https:\/\/onecaskatatime.com\/de\/wp-json\/wp\/v2\/types\/product"}],"wp:featuredmedia":[{"embeddable":true,"href":"https:\/\/onecaskatatime.com\/de\/wp-json\/wp\/v2\/media\/5819"}],"wp:attachment":[{"href":"https:\/\/onecaskatatime.com\/de\/wp-json\/wp\/v2\/media?parent=7833"}],"wp:term":[{"taxonomy":"product_brand","embeddable":true,"href":"https:\/\/onecaskatatime.com\/de\/wp-json\/wp\/v2\/product_brand?post=7833"},{"taxonomy":"product_cat","embeddable":true,"href":"https:\/\/onecaskatatime.com\/de\/wp-json\/wp\/v2\/product_cat?post=7833"},{"taxonomy":"product_tag","embeddable":true,"href":"https:\/\/onecaskatatime.com\/de\/wp-json\/wp\/v2\/product_tag?post=7833"}],"curies":[{"name":"wp","href":"https:\/\/api.w.org\/{rel}","templated":true}]}}