{"id":7828,"date":"2025-11-06T10:27:36","date_gmt":"2025-11-06T10:27:36","guid":{"rendered":"https:\/\/onecaskatatime.com\/product\/auchroisk-2012\/"},"modified":"2026-03-26T11:39:53","modified_gmt":"2026-03-26T11:39:53","slug":"auchroisk-2012","status":"publish","type":"product","link":"https:\/\/onecaskatatime.com\/de\/produkt\/auchroisk-2012\/","title":{"rendered":"Auchroisk 2012"},"content":{"rendered":"<p>Als Teil unserer Chronograph-Kollektion hat dieses Fass seinen Platz in der Zeit gefunden und ist nun bereit f\u00fcr den Genuss.<\/p>\n<p>Im Herzen der renommierten Speyside-Region destilliert, reifte dieser 13-j\u00e4hrige Auchroisk in einem Fass, das zuvor Juntinos Madeirawein enthielt. Abgef\u00fcllt in Fassst\u00e4rke, nicht k\u00e4ltefiltriert und ohne Zusatz von Farbstoffen. <\/p>\n","protected":false},"excerpt":{"rendered":"<p>Als Teil unserer Chronograph-Kollektion hat dieses Fass seinen Platz in der Zeit gefunden und ist nun bereit f\u00fcr den Genuss.<\/p>\n<p>Im Herzen der renommierten Speyside-Region destilliert, reifte dieser 13-j\u00e4hrige Auchroisk in einem Fass, das zuvor Juntinos Madeirawein enthielt. Abgef\u00fcllt in Fassst\u00e4rke, nicht k\u00e4ltefiltriert und ohne Zusatz von Farbstoffen. <\/p>\n","protected":false},"featured_media":7461,"template":"","meta":{"_acf_changed":false},"product_brand":[],"product_cat":[59],"product_tag":[],"class_list":{"0":"post-7828","1":"product","2":"type-product","3":"status-publish","4":"has-post-thumbnail","6":"product_cat-chronograph","8":"first","9":"instock","10":"taxable","11":"shipping-taxable","12":"purchasable","13":"product-type-simple"},"acf":[],"_links":{"self":[{"href":"https:\/\/onecaskatatime.com\/de\/wp-json\/wp\/v2\/product\/7828","targetHints":{"allow":["GET"]}}],"collection":[{"href":"https:\/\/onecaskatatime.com\/de\/wp-json\/wp\/v2\/product"}],"about":[{"href":"https:\/\/onecaskatatime.com\/de\/wp-json\/wp\/v2\/types\/product"}],"wp:featuredmedia":[{"embeddable":true,"href":"https:\/\/onecaskatatime.com\/de\/wp-json\/wp\/v2\/media\/7461"}],"wp:attachment":[{"href":"https:\/\/onecaskatatime.com\/de\/wp-json\/wp\/v2\/media?parent=7828"}],"wp:term":[{"taxonomy":"product_brand","embeddable":true,"href":"https:\/\/onecaskatatime.com\/de\/wp-json\/wp\/v2\/product_brand?post=7828"},{"taxonomy":"product_cat","embeddable":true,"href":"https:\/\/onecaskatatime.com\/de\/wp-json\/wp\/v2\/product_cat?post=7828"},{"taxonomy":"product_tag","embeddable":true,"href":"https:\/\/onecaskatatime.com\/de\/wp-json\/wp\/v2\/product_tag?post=7828"}],"curies":[{"name":"wp","href":"https:\/\/api.w.org\/{rel}","templated":true}]}}