{"id":7819,"date":"2025-11-13T14:36:06","date_gmt":"2025-11-13T14:36:06","guid":{"rendered":"https:\/\/onecaskatatime.com\/product\/interaktive-tasting-kits\/"},"modified":"2026-03-26T11:39:53","modified_gmt":"2026-03-26T11:39:53","slug":"interaktive-tasting-kits","status":"publish","type":"product","link":"https:\/\/onecaskatatime.com\/de\/produkt\/interaktive-tasting-kits\/","title":{"rendered":"Interaktive Tasting-Kits"},"content":{"rendered":"<div class=\"flex w-full flex-col gap-1 empty:hidden first:pt-[1px]\">\n<div class=\"markdown prose dark:prose-invert w-full break-words light markdown-new-styling\">\n<p data-start=\"37\" data-end=\"364\" data-is-last-node=\"\" data-is-only-node=\"\">Entdecken Sie One Cask at a Time mit unseren interaktiven Whisky-Tasting-Kits \u2013 jedes mit drei kuratierten Single Malts aus unseren limitierten Abf\u00fcllungen. Jeder Dram stammt aus ausgew\u00e4hlten F\u00e4ssern, wird in Fassst\u00e4rke abgef\u00fcllt, nicht k\u00fchlfiltriert und ohne Farbstoff. W\u00e4hlen Sie oben ein Kit, um die genauen Whiskys und den Preis f\u00fcr dieses Set zu sehen.  <\/p>\n<\/div>\n<\/div>\n","protected":false},"excerpt":{"rendered":"<p>Entdecken Sie One Cask at a Time mit unseren interaktiven Whisky-Tasting-Kits \u2013 jedes mit drei kuratierten Single Malts aus unseren limitierten Abf\u00fcllungen. Jeder Dram stammt aus ausgew\u00e4hlten F\u00e4ssern, wird in Fassst\u00e4rke abgef\u00fcllt, nicht k\u00fchlfiltriert und ohne Farbstoff. W\u00e4hlen Sie oben ein Kit, um die genauen Whiskys und den Preis f\u00fcr dieses Set zu sehen.<\/p>\n","protected":false},"featured_media":7453,"template":"","meta":{"_acf_changed":false},"product_brand":[],"product_cat":[58],"product_tag":[],"class_list":{"0":"post-7819","1":"product","2":"type-product","3":"status-publish","4":"has-post-thumbnail","6":"product_cat-tasting-kits","8":"first","9":"instock","10":"taxable","11":"shipping-taxable","12":"purchasable","13":"product-type-variable"},"acf":[],"_links":{"self":[{"href":"https:\/\/onecaskatatime.com\/de\/wp-json\/wp\/v2\/product\/7819","targetHints":{"allow":["GET"]}}],"collection":[{"href":"https:\/\/onecaskatatime.com\/de\/wp-json\/wp\/v2\/product"}],"about":[{"href":"https:\/\/onecaskatatime.com\/de\/wp-json\/wp\/v2\/types\/product"}],"wp:featuredmedia":[{"embeddable":true,"href":"https:\/\/onecaskatatime.com\/de\/wp-json\/wp\/v2\/media\/7453"}],"wp:attachment":[{"href":"https:\/\/onecaskatatime.com\/de\/wp-json\/wp\/v2\/media?parent=7819"}],"wp:term":[{"taxonomy":"product_brand","embeddable":true,"href":"https:\/\/onecaskatatime.com\/de\/wp-json\/wp\/v2\/product_brand?post=7819"},{"taxonomy":"product_cat","embeddable":true,"href":"https:\/\/onecaskatatime.com\/de\/wp-json\/wp\/v2\/product_cat?post=7819"},{"taxonomy":"product_tag","embeddable":true,"href":"https:\/\/onecaskatatime.com\/de\/wp-json\/wp\/v2\/product_tag?post=7819"}],"curies":[{"name":"wp","href":"https:\/\/api.w.org\/{rel}","templated":true}]}}