{"id":7815,"date":"2026-03-23T20:20:06","date_gmt":"2026-03-23T20:20:06","guid":{"rendered":"https:\/\/onecaskatatime.com\/product\/jura-2010\/"},"modified":"2026-03-29T20:14:16","modified_gmt":"2026-03-29T20:14:16","slug":"jura-2010","status":"publish","type":"product","link":"https:\/\/onecaskatatime.com\/de\/produkt\/jura-2010\/","title":{"rendered":"Jura 2010"},"content":{"rendered":"<p>Destilliert auf der abgelegenen Insel Jura, reifte dieser 15-j\u00e4hrige Single Malt in einem Oloroso-Sherryfass. Abgef\u00fcllt in Fassst\u00e4rke, nicht k\u00e4ltefiltriert und ohne Farbstoffzusatz. <\/p>\n","protected":false},"excerpt":{"rendered":"<p>Als Teil unserer Chronograph-Kollektion hat dieses Fass seinen Platz in der Zeit gefunden und ist nun bereit f\u00fcr den Genuss.<\/p>\n<p>Destilliert auf der abgelegenen Insel Jura, reifte dieser 15-j\u00e4hrige Single Malt in einem Oloroso-Sherryfass. Abgef\u00fcllt in Fassst\u00e4rke, nicht k\u00e4ltefiltriert und ohne Farbstoffzusatz. <\/p>\n","protected":false},"featured_media":7816,"template":"","meta":{"_acf_changed":false},"product_brand":[],"product_cat":[28],"product_tag":[46],"class_list":{"0":"post-7815","1":"product","2":"type-product","3":"status-publish","4":"has-post-thumbnail","6":"product_cat-pendulum","7":"product_tag-jura-2010","9":"first","10":"instock","11":"taxable","12":"shipping-taxable","13":"purchasable","14":"product-type-simple"},"acf":[],"_links":{"self":[{"href":"https:\/\/onecaskatatime.com\/de\/wp-json\/wp\/v2\/product\/7815","targetHints":{"allow":["GET"]}}],"collection":[{"href":"https:\/\/onecaskatatime.com\/de\/wp-json\/wp\/v2\/product"}],"about":[{"href":"https:\/\/onecaskatatime.com\/de\/wp-json\/wp\/v2\/types\/product"}],"wp:featuredmedia":[{"embeddable":true,"href":"https:\/\/onecaskatatime.com\/de\/wp-json\/wp\/v2\/media\/7816"}],"wp:attachment":[{"href":"https:\/\/onecaskatatime.com\/de\/wp-json\/wp\/v2\/media?parent=7815"}],"wp:term":[{"taxonomy":"product_brand","embeddable":true,"href":"https:\/\/onecaskatatime.com\/de\/wp-json\/wp\/v2\/product_brand?post=7815"},{"taxonomy":"product_cat","embeddable":true,"href":"https:\/\/onecaskatatime.com\/de\/wp-json\/wp\/v2\/product_cat?post=7815"},{"taxonomy":"product_tag","embeddable":true,"href":"https:\/\/onecaskatatime.com\/de\/wp-json\/wp\/v2\/product_tag?post=7815"}],"curies":[{"name":"wp","href":"https:\/\/api.w.org\/{rel}","templated":true}]}}