{"id":7917,"date":"2024-11-25T15:51:53","date_gmt":"2024-11-25T15:51:53","guid":{"rendered":"https:\/\/onecaskatatime.com\/unsere-geschichte\/"},"modified":"2026-03-26T09:08:59","modified_gmt":"2026-03-26T09:08:59","slug":"unsere-geschichte","status":"publish","type":"page","link":"https:\/\/onecaskatatime.com\/de\/unsere-geschichte\/","title":{"rendered":"Unsere Geschichte"},"content":{"rendered":"\t\t<div data-elementor-type=\"wp-page\" data-elementor-id=\"7917\" class=\"elementor elementor-7917 elementor-6173\" data-elementor-post-type=\"page\">\n\t\t\t\t\t\t<section class=\"elementor-section elementor-top-section elementor-element elementor-element-c8fc40e elementor-section-height-min-height elementor-shape-bottom elementor-section-boxed elementor-section-height-default elementor-section-items-middle\" data-id=\"c8fc40e\" data-element_type=\"section\" data-e-type=\"section\" data-settings=\"{&quot;background_background&quot;:&quot;classic&quot;}\">\n\t\t\t\t\t\t\t<div class=\"elementor-background-overlay\"><\/div>\n\t\t\t\t\t\t\t<div class=\"elementor-container elementor-column-gap-default\">\n\t\t\t\t\t<div class=\"elementor-column elementor-col-100 elementor-top-column elementor-element elementor-element-e53f2da\" data-id=\"e53f2da\" data-element_type=\"column\" data-e-type=\"column\">\n\t\t\t<div class=\"elementor-widget-wrap elementor-element-populated\">\n\t\t\t\t\t\t<div class=\"elementor-element elementor-element-e8bc8b8 copper-text elementor-widget elementor-widget-heading\" data-id=\"e8bc8b8\" data-element_type=\"widget\" data-e-type=\"widget\" data-widget_type=\"heading.default\">\n\t\t\t\t<div class=\"elementor-widget-container\">\n\t\t\t\t\t<h1 class=\"elementor-heading-title elementor-size-default\">Unsere Geschichte<\/h1>\t\t\t\t<\/div>\n\t\t\t\t<\/div>\n\t\t\t\t\t<\/div>\n\t\t<\/div>\n\t\t\t\t\t<\/div>\n\t\t<\/section>\n\t\t\t\t<section class=\"elementor-section elementor-top-section elementor-element elementor-element-c72e1d7 elementor-reverse-mobile elementor-section-boxed elementor-section-height-default elementor-section-height-default\" data-id=\"c72e1d7\" data-element_type=\"section\" data-e-type=\"section\" data-settings=\"{&quot;background_background&quot;:&quot;classic&quot;}\">\n\t\t\t\t\t\t\t<div class=\"elementor-background-overlay\"><\/div>\n\t\t\t\t\t\t\t<div class=\"elementor-container elementor-column-gap-default\">\n\t\t\t\t\t<div class=\"elementor-column elementor-col-50 elementor-top-column elementor-element elementor-element-68bcfd2\" data-id=\"68bcfd2\" data-element_type=\"column\" data-e-type=\"column\" data-settings=\"{&quot;background_background&quot;:&quot;classic&quot;}\">\n\t\t\t<div class=\"elementor-widget-wrap elementor-element-populated\">\n\t\t\t\t\t\t<div class=\"elementor-element elementor-element-79566ba elementor-widget elementor-widget-image\" data-id=\"79566ba\" data-element_type=\"widget\" data-e-type=\"widget\" data-widget_type=\"image.default\">\n\t\t\t\t<div class=\"elementor-widget-container\">\n\t\t\t\t\t\t\t\t\t\t\t\t\t\t\t<img fetchpriority=\"high\" decoding=\"async\" width=\"666\" height=\"666\" src=\"https:\/\/onecaskatatime.com\/wp-content\/uploads\/2024\/11\/one-cask-at-a-time-icon-gold-1.svg\" class=\"attachment-large size-large wp-image-7918\" alt=\"\" \/>\t\t\t\t\t\t\t\t\t\t\t\t\t\t\t<\/div>\n\t\t\t\t<\/div>\n\t\t\t\t\t<\/div>\n\t\t<\/div>\n\t\t\t\t<div class=\"elementor-column elementor-col-50 elementor-top-column elementor-element elementor-element-9de8391\" data-id=\"9de8391\" data-element_type=\"column\" data-e-type=\"column\">\n\t\t\t<div class=\"elementor-widget-wrap elementor-element-populated\">\n\t\t\t\t\t\t<div class=\"elementor-element elementor-element-077aafc copper-sub elementor-widget elementor-widget-heading\" data-id=\"077aafc\" data-element_type=\"widget\" data-e-type=\"widget\" data-widget_type=\"heading.default\">\n\t\t\t\t<div class=\"elementor-widget-container\">\n\t\t\t\t\t<h2 class=\"elementor-heading-title elementor-size-default\">Ein Moment in der Zeit<\/h2>\t\t\t\t<\/div>\n\t\t\t\t<\/div>\n\t\t\t\t<div class=\"elementor-element elementor-element-75b3c3d elementor-widget elementor-widget-text-editor\" data-id=\"75b3c3d\" data-element_type=\"widget\" data-e-type=\"widget\" data-widget_type=\"text-editor.default\">\n\t\t\t\t<div class=\"elementor-widget-container\">\n\t\t\t\t\t\t\t\t\t<p>Es wird angenommen, dass die erste Erw\u00e4hnung von Scotch Whisky auf das Jahr 1494 zur\u00fcckgeht, als Bruder John Cor schrieb: \u201eEight bolls of malt to Friar John Cor wherewith to make aqua vitae.\u201c Im selben Jahr soll Leonardo da Vinci die fr\u00fchesten bekannten Zeichnungen des Pendels und dessen Funktionsweise angefertigt haben \u2013 und so war die Verbindung zwischen Scotch und Zeit geboren.<\/p>\t\t\t\t\t\t\t\t<\/div>\n\t\t\t\t<\/div>\n\t\t\t\t\t<\/div>\n\t\t<\/div>\n\t\t\t\t\t<\/div>\n\t\t<\/section>\n\t\t\t\t<section class=\"elementor-section elementor-top-section elementor-element elementor-element-7f7b18b elementor-section-boxed elementor-section-height-default elementor-section-height-default\" data-id=\"7f7b18b\" data-element_type=\"section\" data-e-type=\"section\" data-settings=\"{&quot;background_background&quot;:&quot;classic&quot;}\">\n\t\t\t\t\t\t\t<div class=\"elementor-background-overlay\"><\/div>\n\t\t\t\t\t\t\t<div class=\"elementor-container elementor-column-gap-default\">\n\t\t\t\t\t<div class=\"elementor-column elementor-col-100 elementor-top-column elementor-element elementor-element-705d1df\" data-id=\"705d1df\" data-element_type=\"column\" data-e-type=\"column\">\n\t\t\t<div class=\"elementor-widget-wrap elementor-element-populated\">\n\t\t\t\t\t\t<div class=\"elementor-element elementor-element-7fd1904 elementor-widget elementor-widget-text-editor\" data-id=\"7fd1904\" data-element_type=\"widget\" data-e-type=\"widget\" data-widget_type=\"text-editor.default\">\n\t\t\t\t<div class=\"elementor-widget-container\">\n\t\t\t\t\t\t\t\t\t<p>Die wichtigste Zutat von Scotch ist Zeit \u2013 ohne den Lauf der Zeit g\u00e4be es schlicht keinen Scotch.<\/p>\n<p>One Cask at a Time feiert diese Beziehung, indem wir einige der besten Scotch-F\u00e4sser ver\u00f6ffentlichen, die der Zeit standgehalten haben \u2013 f\u00fcr Ihren Genuss.<\/p>\n<p>Mit Zugang zu einigen der seltensten F\u00e4sser aus den f\u00fchrenden Destillerien Schottlands sind wir privilegiert, aus dieser umfangreichen Sammlung von einigen der \u00e4ltesten und angesehensten Produzenten der Branche ausw\u00e4hlen zu k\u00f6nnen.<\/p>\n<p>Ob Sie einen milden und weichen Lowland Malt bevorzugen, einen wunderbaren Speyside voller k\u00f6stlicher Frucht oder einen kr\u00e4ftigen, rauchigen Malt von den Western Isles \u2013 wir k\u00f6nnen einige der feinsten F\u00e4sser aus allen Regionen anbieten.<\/p>\n<p>Nur wenn wir ein Fass als von au\u00dfergew\u00f6hnlicher Qualit\u00e4t erachten, wird es von Hand f\u00fcr die Abf\u00fcllung ausgew\u00e4hlt und darf den Namen One Cask at a Time tragen. Wie der Name schon sagt, w\u00e4hlen wir einzelne F\u00e4sser aus, um einige der besten und seltensten Whiskys zu erzeugen, die Schottland zu bieten hat \u2013 aber nur, wenn die Zeit reif ist! <\/p>\n<p>Da kein Fass dem anderen gleicht, enth\u00e4lt jede Flasche ihre eigene Pers\u00f6nlichkeit und hat ihren eigenen Platz in der Geschichte.<\/p>\n<p>Eine echte Feier der Zeit.<\/p>\t\t\t\t\t\t\t\t<\/div>\n\t\t\t\t<\/div>\n\t\t\t\t\t<\/div>\n\t\t<\/div>\n\t\t\t\t\t<\/div>\n\t\t<\/section>\n\t\t\t\t<section class=\"elementor-section elementor-top-section elementor-element elementor-element-45aa302 elementor-section-boxed elementor-section-height-default elementor-section-height-default\" data-id=\"45aa302\" data-element_type=\"section\" data-e-type=\"section\" data-settings=\"{&quot;background_background&quot;:&quot;classic&quot;}\">\n\t\t\t\t\t\t<div class=\"elementor-container elementor-column-gap-default\">\n\t\t\t\t\t<div class=\"elementor-column elementor-col-100 elementor-top-column elementor-element elementor-element-8df8699\" data-id=\"8df8699\" data-element_type=\"column\" data-e-type=\"column\">\n\t\t\t<div class=\"elementor-widget-wrap elementor-element-populated\">\n\t\t\t\t\t\t<div class=\"elementor-element elementor-element-9ca794a elementor-widget elementor-widget-spacer\" data-id=\"9ca794a\" data-element_type=\"widget\" data-e-type=\"widget\" data-widget_type=\"spacer.default\">\n\t\t\t\t<div class=\"elementor-widget-container\">\n\t\t\t\t\t\t\t<div class=\"elementor-spacer\">\n\t\t\t<div class=\"elementor-spacer-inner\"><\/div>\n\t\t<\/div>\n\t\t\t\t\t\t<\/div>\n\t\t\t\t<\/div>\n\t\t\t\t\t<\/div>\n\t\t<\/div>\n\t\t\t\t\t<\/div>\n\t\t<\/section>\n\t\t\t\t<section class=\"elementor-section elementor-top-section elementor-element elementor-element-2baa45e elementor-section-boxed elementor-section-height-default elementor-section-height-default\" data-id=\"2baa45e\" data-element_type=\"section\" data-e-type=\"section\" data-settings=\"{&quot;background_background&quot;:&quot;classic&quot;}\">\n\t\t\t\t\t\t\t<div class=\"elementor-background-overlay\"><\/div>\n\t\t\t\t\t\t\t<div class=\"elementor-container elementor-column-gap-default\">\n\t\t\t\t\t<div class=\"elementor-column elementor-col-100 elementor-top-column elementor-element elementor-element-c80625b\" data-id=\"c80625b\" data-element_type=\"column\" data-e-type=\"column\">\n\t\t\t<div class=\"elementor-widget-wrap elementor-element-populated\">\n\t\t\t\t\t\t<section class=\"elementor-section elementor-inner-section elementor-element elementor-element-7b7bbd3 animated-slow elementor-section-boxed elementor-section-height-default elementor-section-height-default elementor-invisible\" data-id=\"7b7bbd3\" data-element_type=\"section\" data-e-type=\"section\" data-settings=\"{&quot;animation&quot;:&quot;zoomIn&quot;}\">\n\t\t\t\t\t\t<div class=\"elementor-container elementor-column-gap-default\">\n\t\t\t\t\t<div class=\"elementor-column elementor-col-100 elementor-inner-column elementor-element elementor-element-acc03e3\" data-id=\"acc03e3\" data-element_type=\"column\" data-e-type=\"column\" data-settings=\"{&quot;background_background&quot;:&quot;classic&quot;}\">\n\t\t\t<div class=\"elementor-widget-wrap elementor-element-populated\">\n\t\t\t\t\t<div class=\"elementor-background-overlay\"><\/div>\n\t\t\t\t\t\t<div class=\"elementor-element elementor-element-835982a elementor-widget__width-auto fancy-subheading copper-sub elementor-widget elementor-widget-heading\" data-id=\"835982a\" data-element_type=\"widget\" data-e-type=\"widget\" data-widget_type=\"heading.default\">\n\t\t\t\t<div class=\"elementor-widget-container\">\n\t\t\t\t\t<h3 class=\"elementor-heading-title elementor-size-default\">Flaschenpass<\/h3>\t\t\t\t<\/div>\n\t\t\t\t<\/div>\n\t\t\t\t<div class=\"elementor-element elementor-element-4c5c10c copper-sub elementor-widget elementor-widget-heading\" data-id=\"4c5c10c\" data-element_type=\"widget\" data-e-type=\"widget\" data-widget_type=\"heading.default\">\n\t\t\t\t<div class=\"elementor-widget-container\">\n\t\t\t\t\t<h2 class=\"elementor-heading-title elementor-size-default\">Technologie trifft Handwerk\n<\/h2>\t\t\t\t<\/div>\n\t\t\t\t<\/div>\n\t\t\t\t<div class=\"elementor-element elementor-element-3e9699e elementor-widget elementor-widget-text-editor\" data-id=\"3e9699e\" data-element_type=\"widget\" data-e-type=\"widget\" data-widget_type=\"text-editor.default\">\n\t\t\t\t<div class=\"elementor-widget-container\">\n\t\t\t\t\t\t\t\t\t<p>Jede Flasche enth\u00e4lt ihren eigenen einzigartigen digitalen Pass, mit dem Sie die Geschichte Ihrer Flasche erkunden und Ihren Kauf authentifizieren k\u00f6nnen. Lassen Sie sich von Ihrem Smartphone auf eine Entdeckungsreise mitnehmen \u2013 laden Sie die App noch heute herunter. <\/p>\t\t\t\t\t\t\t\t<\/div>\n\t\t\t\t<\/div>\n\t\t\t\t<div class=\"elementor-element elementor-element-d10ca74 elementor-align-center elementor-widget elementor-widget-button\" data-id=\"d10ca74\" data-element_type=\"widget\" data-e-type=\"widget\" data-widget_type=\"button.default\">\n\t\t\t\t<div class=\"elementor-widget-container\">\n\t\t\t\t\t\t\t\t\t<div class=\"elementor-button-wrapper\">\n\t\t\t\t\t<a class=\"elementor-button elementor-button-link elementor-size-sm\" href=\"https:\/\/onecaskatatime.com\/de\/flaschenpass\/\">\n\t\t\t\t\t\t<span class=\"elementor-button-content-wrapper\">\n\t\t\t\t\t\t\t\t\t<span class=\"elementor-button-text\">Flaschenpass<\/span>\n\t\t\t\t\t<\/span>\n\t\t\t\t\t<\/a>\n\t\t\t\t<\/div>\n\t\t\t\t\t\t\t\t<\/div>\n\t\t\t\t<\/div>\n\t\t\t\t\t<\/div>\n\t\t<\/div>\n\t\t\t\t\t<\/div>\n\t\t<\/section>\n\t\t\t\t\t<\/div>\n\t\t<\/div>\n\t\t\t\t\t<\/div>\n\t\t<\/section>\n\t\t\t\t<\/div>\n\t\t","protected":false},"excerpt":{"rendered":"<p>Unsere Geschichte Ein Moment in der Zeit Es wird angenommen, dass die erste Erw\u00e4hnung von Scotch Whisky auf das Jahr 1494 zur\u00fcckgeht, als Bruder John Cor schrieb: \u201eEight bolls of malt to Friar John Cor wherewith to make aqua vitae.\u201c Im selben Jahr soll Leonardo da Vinci die fr\u00fchesten bekannten Zeichnungen des Pendels und dessen [&hellip;]<\/p>\n","protected":false},"author":1,"featured_media":0,"parent":0,"menu_order":0,"comment_status":"closed","ping_status":"closed","template":"","meta":{"_acf_changed":false,"footnotes":""},"class_list":["post-7917","page","type-page","status-publish","hentry"],"acf":[],"_links":{"self":[{"href":"https:\/\/onecaskatatime.com\/de\/wp-json\/wp\/v2\/pages\/7917","targetHints":{"allow":["GET"]}}],"collection":[{"href":"https:\/\/onecaskatatime.com\/de\/wp-json\/wp\/v2\/pages"}],"about":[{"href":"https:\/\/onecaskatatime.com\/de\/wp-json\/wp\/v2\/types\/page"}],"author":[{"embeddable":true,"href":"https:\/\/onecaskatatime.com\/de\/wp-json\/wp\/v2\/users\/1"}],"replies":[{"embeddable":true,"href":"https:\/\/onecaskatatime.com\/de\/wp-json\/wp\/v2\/comments?post=7917"}],"version-history":[{"count":1,"href":"https:\/\/onecaskatatime.com\/de\/wp-json\/wp\/v2\/pages\/7917\/revisions"}],"predecessor-version":[{"id":7920,"href":"https:\/\/onecaskatatime.com\/de\/wp-json\/wp\/v2\/pages\/7917\/revisions\/7920"}],"wp:attachment":[{"href":"https:\/\/onecaskatatime.com\/de\/wp-json\/wp\/v2\/media?parent=7917"}],"curies":[{"name":"wp","href":"https:\/\/api.w.org\/{rel}","templated":true}]}}